{"id":51125,"date":"2019-01-17T01:48:18","date_gmt":"2019-01-17T00:48:18","guid":{"rendered":"https:\/\/adourchambresfroides.fr\/ACF\/?page_id=51125"},"modified":"2021-05-04T17:22:47","modified_gmt":"2021-05-04T15:22:47","slug":"page-de-confidentialite","status":"publish","type":"page","link":"https:\/\/adourchambresfroides.fr\/ACF\/page-de-confidentialite\/","title":{"rendered":"Page de confidentialit\u00e9"},"content":{"rendered":"<p>[et_pb_section fb_built=\u00a0\u00bb1&Prime; _builder_version=\u00a0\u00bb4.9.4&Prime; hover_enabled=\u00a0\u00bb0&Prime; animation_style=\u00a0\u00bbfade\u00a0\u00bb sticky_enabled=\u00a0\u00bb0&Prime;][et_pb_row _builder_version=\u00a0\u00bb3.25&Prime;][et_pb_column type=\u00a0\u00bb4_4&Prime; _builder_version=\u00a0\u00bb3.25&Prime; custom_padding=\u00a0\u00bb|||\u00a0\u00bb custom_padding__hover=\u00a0\u00bb|||\u00a0\u00bb][et_pb_text _builder_version=\u00a0\u00bb4.9.4&Prime; text_font=\u00a0\u00bb||||||||\u00a0\u00bb max_width=\u00a0\u00bb100%\u00a0\u00bb custom_margin=\u00a0\u00bb3rem||||false\u00a0\u00bb hover_enabled=\u00a0\u00bb0&Prime; global_module=\u00a0\u00bb51123&Prime; header_text_align=\u00a0\u00bbcenter\u00a0\u00bb sticky_enabled=\u00a0\u00bb0&Prime; module_class=\u00a0\u00bbpol\u00a0\u00bb header_text_color=\u00a0\u00bb#1f3148&Prime; header_2_text_color=\u00a0\u00bb#1f3148&Prime;]<\/p>\n<h1>Politique de confidentialit\u00e9<\/h1>\n<p><b>Introduction<\/b><br \/> Devant le d\u00e9veloppement des nouveaux outils de communication, il est n\u00e9cessaire de porter une attention particuli\u00e8re \u00e0 la protection de la vie priv\u00e9e. C\u2019est pourquoi, nous nous engageons \u00e0 respecter la confidentialit\u00e9 des renseignements personnels que nous collectons.<\/p>\n<h2>Collecte des renseignements personnels<\/h2>\n<p>Nous collectons les renseignements suivants :<\/p>\n<ul>\n<li>Nom<\/li>\n<li>Pr\u00e9nom<\/li>\n<li>Adresse \u00e9lectronique<\/li>\n<li>Num\u00e9ro de t\u00e9l\u00e9phone<\/li>\n<\/ul>\n<p>Les renseignements personnels que nous collectons sont recueillis au travers de formulaires et gr\u00e2ce \u00e0 l\u2019interactivit\u00e9 \u00e9tablie entre vous et notre site Web. Nous utilisons \u00e9galement, comme indiqu\u00e9 dans la section suivante, des fichiers t\u00e9moins et\/ou journaux pour r\u00e9unir des informations vous concernant.<\/p>\n<h2>Formulaires et int\u00e9ractivit\u00e9<\/h2>\n<p>Vos renseignements personnels sont collect\u00e9s par le biais de formulaire, \u00e0 savoir :<\/p>\n<p>Nous utilisons les renseignements ainsi collect\u00e9s pour les finalit\u00e9s suivantes :<\/p>\n<p><strong>Contact<\/strong><br \/> Vos renseignements sont \u00e9galement collect\u00e9s par le biais de l\u2019interactivit\u00e9 pouvant s\u2019\u00e9tablir entre vous et notre site Web et ce, de la fa\u00e7on suivante :<\/p>\n<p><strong>Contact<\/strong><br \/> Nous utilisons les renseignements ainsi collect\u00e9s pour les finalit\u00e9s suivantes :<\/p>\n<h2>Droit d&rsquo;opposition et de retrait<\/h2>\n<p>Nous nous engageons \u00e0 vous offrir un droit d\u2019opposition et de retrait quant \u00e0 vos renseignements personnels.<br \/> Le droit d\u2019opposition s\u2019entend comme \u00e9tant la possibilit\u00e9 offerte aux internautes de refuser que leurs renseignements personnels soient utilis\u00e9s \u00e0 certaines fins mentionn\u00e9es lors de la collecte.<br \/> Le droit de retrait s\u2019entend comme \u00e9tant la possibilit\u00e9 offerte aux internautes de demander \u00e0 ce que leurs renseignements personnels ne figurent plus, par exemple, dans une liste de diffusion.<br \/> Pour pouvoir exercer ces droits, vous pouvez :<br \/> Code postal :\u00a0<strong>40090 Saint Avit<\/strong><br \/> Courriel : <strong>adourchambresfroides@gmail.com<\/strong><br \/> T\u00e9l\u00e9phone :\u00a0<strong>06.70.69.89.28<\/strong><br \/>\n<strong><\/strong>Section du site web :\u00a0<strong>https:\/\/adourchambresfroides.fr\/<\/strong><\/p>\n<h2>Droit d&rsquo;acc\u00e8s<\/h2>\n<p>Nous nous engageons \u00e0 reconna\u00eetre un droit d\u2019acc\u00e8s et de rectification aux personnes concern\u00e9es d\u00e9sireuses de consulter, modifier, voire radier les informations les concernant.<br \/> L\u2019exercice de ce droit se fera :<br \/> Code postal :\u00a0<strong>40090 Saint Avit<\/strong><br \/> Courriel : <strong>adourchambresfroides@gmail.com<\/strong><br \/> T\u00e9l\u00e9phone :\u00a0<strong>06.70.69.89.28<\/strong><br \/>\nSection du site web :\u00a0<strong>https:\/\/adourchambresfroides.fr\/<\/strong><\/p>\n<h2>S\u00e9curit\u00e9<\/h2>\n<p>Les renseignements personnels que nous collectons sont conserv\u00e9s dans un environnement s\u00e9curis\u00e9. Les personnes travaillant pour nous sont tenues de respecter la confidentialit\u00e9 de vos informations.<br \/> Pour assurer la s\u00e9curit\u00e9 de vos renseignements personnels, nous avons recours aux mesures suivantes :<\/p>\n<ul>\n<li>Protocole SSL (Secure Sockets Layer)<\/li>\n<li>Sauvegarde informatique<\/li>\n<\/ul>\n<p>Nous nous engageons \u00e0 maintenir un haut degr\u00e9 de confidentialit\u00e9 en int\u00e9grant les derni\u00e8res innovations technologiques permettant d\u2019assurer la confidentialit\u00e9 de vos transactions. Toutefois, comme aucun m\u00e9canisme n\u2019offre une s\u00e9curit\u00e9 maximale, une part de risque est toujours pr\u00e9sente lorsque l\u2019on utilise Internet pour transmettre des renseignements personnels.<\/p>\n<p>[\/et_pb_text][\/et_pb_column][\/et_pb_row][\/et_pb_section]<\/p>\n","protected":false},"excerpt":{"rendered":"<p>Politique de confidentialit\u00e9 Introduction Devant le d\u00e9veloppement des nouveaux outils de communication, il est n\u00e9cessaire de porter une attention particuli\u00e8re \u00e0 la protection de la vie priv\u00e9e. C\u2019est pourquoi, nous nous engageons \u00e0 respecter la confidentialit\u00e9 des renseignements personnels que nous collectons. Collecte des renseignements personnels Nous collectons les renseignements suivants : Nom Pr\u00e9nom Adresse [&hellip;]<\/p>\n","protected":false},"author":4,"featured_media":0,"parent":0,"menu_order":0,"comment_status":"closed","ping_status":"closed","template":"","meta":{"_et_pb_use_builder":"on","_et_pb_old_content":"","_et_gb_content_width":"","footnotes":""},"yoast_head":"<!-- This site is optimized with the Yoast SEO plugin v22.3 - https:\/\/yoast.com\/wordpress\/plugins\/seo\/ -->\n<title>Page de confidentialit\u00e9 - Adour Chambres Froides<\/title>\n<meta name=\"robots\" content=\"noindex, follow\" \/>\n<meta property=\"og:locale\" content=\"fr_FR\" \/>\n<meta property=\"og:type\" content=\"article\" \/>\n<meta property=\"og:title\" content=\"Page de confidentialit\u00e9 - Adour Chambres Froides\" \/>\n<meta property=\"og:description\" content=\"Politique de confidentialit\u00e9 Introduction Devant le d\u00e9veloppement des nouveaux outils de communication, il est n\u00e9cessaire de porter une attention particuli\u00e8re \u00e0 la protection de la vie priv\u00e9e. C\u2019est pourquoi, nous nous engageons \u00e0 respecter la confidentialit\u00e9 des renseignements personnels que nous collectons. Collecte des renseignements personnels Nous collectons les renseignements suivants : Nom Pr\u00e9nom Adresse [&hellip;]\" \/>\n<meta property=\"og:url\" content=\"https:\/\/adourchambresfroides.fr\/ACF\/page-de-confidentialite\/\" \/>\n<meta property=\"og:site_name\" content=\"Adour Chambres Froides\" \/>\n<meta property=\"article:publisher\" content=\"https:\/\/www.facebook.com\/AdourChambresFroides\" \/>\n<meta property=\"article:modified_time\" content=\"2021-05-04T15:22:47+00:00\" \/>\n<meta property=\"og:image\" content=\"https:\/\/adourchambresfroides.fr\/ACF\/wp-content\/uploads\/2017\/05\/piedpage.png\" \/>\n\t<meta property=\"og:image:width\" content=\"686\" \/>\n\t<meta property=\"og:image:height\" content=\"614\" \/>\n\t<meta property=\"og:image:type\" content=\"image\/png\" \/>\n<meta name=\"twitter:label1\" content=\"Dur\u00e9e de lecture estim\u00e9e\" \/>\n\t<meta name=\"twitter:data1\" content=\"2 minutes\" \/>\n<script type=\"application\/ld+json\" class=\"yoast-schema-graph\">{\"@context\":\"https:\/\/schema.org\",\"@graph\":[{\"@type\":\"WebPage\",\"@id\":\"https:\/\/adourchambresfroides.fr\/ACF\/page-de-confidentialite\/\",\"url\":\"https:\/\/adourchambresfroides.fr\/ACF\/page-de-confidentialite\/\",\"name\":\"Page de confidentialit\u00e9 - Adour Chambres Froides\",\"isPartOf\":{\"@id\":\"https:\/\/adourchambresfroides.fr\/ACF\/#website\"},\"datePublished\":\"2019-01-17T00:48:18+00:00\",\"dateModified\":\"2021-05-04T15:22:47+00:00\",\"breadcrumb\":{\"@id\":\"https:\/\/adourchambresfroides.fr\/ACF\/page-de-confidentialite\/#breadcrumb\"},\"inLanguage\":\"fr-FR\",\"potentialAction\":[{\"@type\":\"ReadAction\",\"target\":[\"https:\/\/adourchambresfroides.fr\/ACF\/page-de-confidentialite\/\"]}]},{\"@type\":\"BreadcrumbList\",\"@id\":\"https:\/\/adourchambresfroides.fr\/ACF\/page-de-confidentialite\/#breadcrumb\",\"itemListElement\":[{\"@type\":\"ListItem\",\"position\":1,\"name\":\"Accueil\",\"item\":\"https:\/\/adourchambresfroides.fr\/ACF\/\"},{\"@type\":\"ListItem\",\"position\":2,\"name\":\"Page de confidentialit\u00e9\"}]},{\"@type\":\"WebSite\",\"@id\":\"https:\/\/adourchambresfroides.fr\/ACF\/#website\",\"url\":\"https:\/\/adourchambresfroides.fr\/ACF\/\",\"name\":\"Adour Chambres Froides\",\"description\":\"Le froid pour tous\",\"potentialAction\":[{\"@type\":\"SearchAction\",\"target\":{\"@type\":\"EntryPoint\",\"urlTemplate\":\"https:\/\/adourchambresfroides.fr\/ACF\/?s={search_term_string}\"},\"query-input\":\"required name=search_term_string\"}],\"inLanguage\":\"fr-FR\"}]}<\/script>\n<!-- \/ Yoast SEO plugin. -->","yoast_head_json":{"title":"Page de confidentialit\u00e9 - Adour Chambres Froides","robots":{"index":"noindex","follow":"follow"},"og_locale":"fr_FR","og_type":"article","og_title":"Page de confidentialit\u00e9 - Adour Chambres Froides","og_description":"Politique de confidentialit\u00e9 Introduction Devant le d\u00e9veloppement des nouveaux outils de communication, il est n\u00e9cessaire de porter une attention particuli\u00e8re \u00e0 la protection de la vie priv\u00e9e. C\u2019est pourquoi, nous nous engageons \u00e0 respecter la confidentialit\u00e9 des renseignements personnels que nous collectons. Collecte des renseignements personnels Nous collectons les renseignements suivants : Nom Pr\u00e9nom Adresse [&hellip;]","og_url":"https:\/\/adourchambresfroides.fr\/ACF\/page-de-confidentialite\/","og_site_name":"Adour Chambres Froides","article_publisher":"https:\/\/www.facebook.com\/AdourChambresFroides","article_modified_time":"2021-05-04T15:22:47+00:00","og_image":[{"width":686,"height":614,"url":"https:\/\/adourchambresfroides.fr\/ACF\/wp-content\/uploads\/2017\/05\/piedpage.png","type":"image\/png"}],"twitter_misc":{"Dur\u00e9e de lecture estim\u00e9e":"2 minutes"},"schema":{"@context":"https:\/\/schema.org","@graph":[{"@type":"WebPage","@id":"https:\/\/adourchambresfroides.fr\/ACF\/page-de-confidentialite\/","url":"https:\/\/adourchambresfroides.fr\/ACF\/page-de-confidentialite\/","name":"Page de confidentialit\u00e9 - Adour Chambres Froides","isPartOf":{"@id":"https:\/\/adourchambresfroides.fr\/ACF\/#website"},"datePublished":"2019-01-17T00:48:18+00:00","dateModified":"2021-05-04T15:22:47+00:00","breadcrumb":{"@id":"https:\/\/adourchambresfroides.fr\/ACF\/page-de-confidentialite\/#breadcrumb"},"inLanguage":"fr-FR","potentialAction":[{"@type":"ReadAction","target":["https:\/\/adourchambresfroides.fr\/ACF\/page-de-confidentialite\/"]}]},{"@type":"BreadcrumbList","@id":"https:\/\/adourchambresfroides.fr\/ACF\/page-de-confidentialite\/#breadcrumb","itemListElement":[{"@type":"ListItem","position":1,"name":"Accueil","item":"https:\/\/adourchambresfroides.fr\/ACF\/"},{"@type":"ListItem","position":2,"name":"Page de confidentialit\u00e9"}]},{"@type":"WebSite","@id":"https:\/\/adourchambresfroides.fr\/ACF\/#website","url":"https:\/\/adourchambresfroides.fr\/ACF\/","name":"Adour Chambres Froides","description":"Le froid pour tous","potentialAction":[{"@type":"SearchAction","target":{"@type":"EntryPoint","urlTemplate":"https:\/\/adourchambresfroides.fr\/ACF\/?s={search_term_string}"},"query-input":"required name=search_term_string"}],"inLanguage":"fr-FR"}]}},"_links":{"self":[{"href":"https:\/\/adourchambresfroides.fr\/ACF\/wp-json\/wp\/v2\/pages\/51125"}],"collection":[{"href":"https:\/\/adourchambresfroides.fr\/ACF\/wp-json\/wp\/v2\/pages"}],"about":[{"href":"https:\/\/adourchambresfroides.fr\/ACF\/wp-json\/wp\/v2\/types\/page"}],"author":[{"embeddable":true,"href":"https:\/\/adourchambresfroides.fr\/ACF\/wp-json\/wp\/v2\/users\/4"}],"replies":[{"embeddable":true,"href":"https:\/\/adourchambresfroides.fr\/ACF\/wp-json\/wp\/v2\/comments?post=51125"}],"version-history":[{"count":11,"href":"https:\/\/adourchambresfroides.fr\/ACF\/wp-json\/wp\/v2\/pages\/51125\/revisions"}],"predecessor-version":[{"id":55536,"href":"https:\/\/adourchambresfroides.fr\/ACF\/wp-json\/wp\/v2\/pages\/51125\/revisions\/55536"}],"wp:attachment":[{"href":"https:\/\/adourchambresfroides.fr\/ACF\/wp-json\/wp\/v2\/media?parent=51125"}],"curies":[{"name":"wp","href":"https:\/\/api.w.org\/{rel}","templated":true}]}}